{"id":2135,"date":"2019-06-21T17:45:42","date_gmt":"2019-06-21T15:45:42","guid":{"rendered":"https:\/\/www.electeursenherbe.fr\/homepage\/"},"modified":"2019-09-24T21:11:52","modified_gmt":"2019-09-24T19:11:52","slug":"homepage","status":"publish","type":"page","link":"https:\/\/www.electeursenherbe.fr\/de\/","title":{"rendered":"Startseite"},"content":{"rendered":"","protected":false},"excerpt":{"rendered":"","protected":false},"author":1,"featured_media":0,"parent":0,"menu_order":0,"comment_status":"closed","ping_status":"closed","template":"","meta":{"footnotes":""},"lessonseries":[],"class_list":["post-2135","page","type-page","status-publish","hentry"],"yoast_head":"<!-- This site is optimized with the Yoast SEO plugin v27.3 - https:\/\/yoast.com\/product\/yoast-seo-wordpress\/ -->\n<title>Startseite - \u00c9lecteurs en Herbe<\/title>\n<meta name=\"robots\" content=\"index, follow, max-snippet:-1, max-image-preview:large, max-video-preview:-1\" \/>\n<link rel=\"canonical\" href=\"https:\/\/www.electeursenherbe.fr\/de\/\" \/>\n<meta property=\"og:locale\" content=\"de_DE\" \/>\n<meta property=\"og:type\" content=\"article\" \/>\n<meta property=\"og:title\" content=\"Startseite - \u00c9lecteurs en Herbe\" \/>\n<meta property=\"og:url\" content=\"https:\/\/www.electeursenherbe.fr\/de\/\" \/>\n<meta property=\"og:site_name\" content=\"\u00c9lecteurs en Herbe\" \/>\n<meta property=\"article:modified_time\" content=\"2019-09-24T19:11:52+00:00\" \/>\n<meta name=\"twitter:card\" content=\"summary_large_image\" \/>\n<script type=\"application\/ld+json\" class=\"yoast-schema-graph\">{\"@context\":\"https:\\\/\\\/schema.org\",\"@graph\":[{\"@type\":\"WebPage\",\"@id\":\"https:\\\/\\\/www.electeursenherbe.fr\\\/de\\\/\",\"url\":\"https:\\\/\\\/www.electeursenherbe.fr\\\/de\\\/\",\"name\":\"Startseite - \u00c9lecteurs en Herbe\",\"isPartOf\":{\"@id\":\"https:\\\/\\\/www.electeursenherbe.fr\\\/#website\"},\"datePublished\":\"2019-06-21T15:45:42+00:00\",\"dateModified\":\"2019-09-24T19:11:52+00:00\",\"breadcrumb\":{\"@id\":\"https:\\\/\\\/www.electeursenherbe.fr\\\/de\\\/#breadcrumb\"},\"inLanguage\":\"de\",\"potentialAction\":[{\"@type\":\"ReadAction\",\"target\":[\"https:\\\/\\\/www.electeursenherbe.fr\\\/de\\\/\"]}]},{\"@type\":\"BreadcrumbList\",\"@id\":\"https:\\\/\\\/www.electeursenherbe.fr\\\/de\\\/#breadcrumb\",\"itemListElement\":[{\"@type\":\"ListItem\",\"position\":1,\"name\":\"Home\",\"item\":\"https:\\\/\\\/www.electeursenherbe.fr\\\/de\\\/\"},{\"@type\":\"ListItem\",\"position\":2,\"name\":\"Startseite\"}]},{\"@type\":\"WebSite\",\"@id\":\"https:\\\/\\\/www.electeursenherbe.fr\\\/#website\",\"url\":\"https:\\\/\\\/www.electeursenherbe.fr\\\/\",\"name\":\"\u00c9lecteurs en Herbe\",\"description\":\"D\u00e9coder, d\u00e9battre, s&#039;engager. Parcours et ressources p\u00e9dagogiques pour l&#039;\u00e9ducation \u00e0 la participation citoyenne des 11-18 ans. Apartisan, gratuit et libre.\",\"potentialAction\":[{\"@type\":\"SearchAction\",\"target\":{\"@type\":\"EntryPoint\",\"urlTemplate\":\"https:\\\/\\\/www.electeursenherbe.fr\\\/?s={search_term_string}\"},\"query-input\":{\"@type\":\"PropertyValueSpecification\",\"valueRequired\":true,\"valueName\":\"search_term_string\"}}],\"inLanguage\":\"de\"}]}<\/script>\n<!-- \/ Yoast SEO plugin. -->","yoast_head_json":{"title":"Startseite - \u00c9lecteurs en Herbe","robots":{"index":"index","follow":"follow","max-snippet":"max-snippet:-1","max-image-preview":"max-image-preview:large","max-video-preview":"max-video-preview:-1"},"canonical":"https:\/\/www.electeursenherbe.fr\/de\/","og_locale":"de_DE","og_type":"article","og_title":"Startseite - \u00c9lecteurs en Herbe","og_url":"https:\/\/www.electeursenherbe.fr\/de\/","og_site_name":"\u00c9lecteurs en Herbe","article_modified_time":"2019-09-24T19:11:52+00:00","twitter_card":"summary_large_image","schema":{"@context":"https:\/\/schema.org","@graph":[{"@type":"WebPage","@id":"https:\/\/www.electeursenherbe.fr\/de\/","url":"https:\/\/www.electeursenherbe.fr\/de\/","name":"Startseite - \u00c9lecteurs en Herbe","isPartOf":{"@id":"https:\/\/www.electeursenherbe.fr\/#website"},"datePublished":"2019-06-21T15:45:42+00:00","dateModified":"2019-09-24T19:11:52+00:00","breadcrumb":{"@id":"https:\/\/www.electeursenherbe.fr\/de\/#breadcrumb"},"inLanguage":"de","potentialAction":[{"@type":"ReadAction","target":["https:\/\/www.electeursenherbe.fr\/de\/"]}]},{"@type":"BreadcrumbList","@id":"https:\/\/www.electeursenherbe.fr\/de\/#breadcrumb","itemListElement":[{"@type":"ListItem","position":1,"name":"Home","item":"https:\/\/www.electeursenherbe.fr\/de\/"},{"@type":"ListItem","position":2,"name":"Startseite"}]},{"@type":"WebSite","@id":"https:\/\/www.electeursenherbe.fr\/#website","url":"https:\/\/www.electeursenherbe.fr\/","name":"\u00c9lecteurs en Herbe","description":"D\u00e9coder, d\u00e9battre, s&#039;engager. Parcours et ressources p\u00e9dagogiques pour l&#039;\u00e9ducation \u00e0 la participation citoyenne des 11-18 ans. Apartisan, gratuit et libre.","potentialAction":[{"@type":"SearchAction","target":{"@type":"EntryPoint","urlTemplate":"https:\/\/www.electeursenherbe.fr\/?s={search_term_string}"},"query-input":{"@type":"PropertyValueSpecification","valueRequired":true,"valueName":"search_term_string"}}],"inLanguage":"de"}]}},"_links":{"self":[{"href":"https:\/\/www.electeursenherbe.fr\/de\/wp-json\/wp\/v2\/pages\/2135","targetHints":{"allow":["GET"]}}],"collection":[{"href":"https:\/\/www.electeursenherbe.fr\/de\/wp-json\/wp\/v2\/pages"}],"about":[{"href":"https:\/\/www.electeursenherbe.fr\/de\/wp-json\/wp\/v2\/types\/page"}],"author":[{"embeddable":true,"href":"https:\/\/www.electeursenherbe.fr\/de\/wp-json\/wp\/v2\/users\/1"}],"replies":[{"embeddable":true,"href":"https:\/\/www.electeursenherbe.fr\/de\/wp-json\/wp\/v2\/comments?post=2135"}],"version-history":[{"count":2,"href":"https:\/\/www.electeursenherbe.fr\/de\/wp-json\/wp\/v2\/pages\/2135\/revisions"}],"predecessor-version":[{"id":2912,"href":"https:\/\/www.electeursenherbe.fr\/de\/wp-json\/wp\/v2\/pages\/2135\/revisions\/2912"}],"wp:attachment":[{"href":"https:\/\/www.electeursenherbe.fr\/de\/wp-json\/wp\/v2\/media?parent=2135"}],"wp:term":[{"taxonomy":"lessonseries","embeddable":true,"href":"https:\/\/www.electeursenherbe.fr\/de\/wp-json\/wp\/v2\/lessonseries?post=2135"}],"curies":[{"name":"wp","href":"https:\/\/api.w.org\/{rel}","templated":true}]}}