{"id":2154,"date":"2019-06-21T17:51:58","date_gmt":"2019-06-21T15:51:58","guid":{"rendered":"https:\/\/www.electeursenherbe.fr\/kontakt\/"},"modified":"2019-06-24T12:02:13","modified_gmt":"2019-06-24T10:02:13","slug":"kontakt","status":"publish","type":"page","link":"https:\/\/www.electeursenherbe.fr\/de\/uber-uns\/kontakt\/","title":{"rendered":"Kontakt"},"content":{"rendered":"<p>Das Team von \u201eElecteurs en herbe\u201c steht Ihnen f\u00fcr die Beantwortung Ihrer Fragen zur Verf\u00fcgung.<\/p>\n<p>Sie k\u00f6nnen uns unter folgender E-Mail-Adresse erreichen: <a href=\"ma&#105;&#108;&#116;&#111;&#x3a;&#x63;&#x6f;&#x6e;&#x74;ac&#116;&#64;&#101;&#108;&#x65;&#x63;&#x74;&#x65;&#x75;rs&#101;&#110;&#104;&#101;&#x72;&#x62;&#x65;&#x2e;&#x66;r\">&#x63;o&#x6e;&#116;&#x61;&#x63;t&#x40;&#101;&#x6c;&#x65;c&#x74;&#101;&#x75;&#x72;s&#x65;&#110;&#x68;&#x65;r&#x62;&#101;&#x2e;&#x66;r<\/a><\/p>\n","protected":false},"excerpt":{"rendered":"<p>Das Team von \u201eElecteurs en herbe\u201c steht Ihnen f\u00fcr die Beantwortung Ihrer Fragen zur Verf\u00fcgung. Sie k\u00f6nnen uns unter folgender E-Mail-Adresse erreichen: &#x63;&#x6f;&#x6e;&#x74;&#x61;&#x63;&#x74;&#x40;&#x65;&#x6c;&#x65;&#x63;&#x74;&#x65;&#x75;&#x72;&#x73;&#x65;&#x6e;&#x68;&#x65;&#x72;&#x62;&#x65;&#x2e;&#x66;&#x72;<\/p>\n","protected":false},"author":1,"featured_media":0,"parent":2194,"menu_order":0,"comment_status":"closed","ping_status":"closed","template":"","meta":{"footnotes":""},"lessonseries":[],"class_list":["post-2154","page","type-page","status-publish","hentry"],"yoast_head":"<!-- This site is optimized with the Yoast SEO plugin v27.3 - https:\/\/yoast.com\/product\/yoast-seo-wordpress\/ -->\n<title>Kontakt - \u00c9lecteurs en Herbe<\/title>\n<meta name=\"robots\" content=\"index, follow, max-snippet:-1, max-image-preview:large, max-video-preview:-1\" \/>\n<link rel=\"canonical\" href=\"https:\/\/www.electeursenherbe.fr\/de\/uber-uns\/kontakt\/\" \/>\n<meta property=\"og:locale\" content=\"de_DE\" \/>\n<meta property=\"og:type\" content=\"article\" \/>\n<meta property=\"og:title\" content=\"Kontakt - \u00c9lecteurs en Herbe\" \/>\n<meta property=\"og:description\" content=\"Das Team von \u201eElecteurs en herbe\u201c steht Ihnen f\u00fcr die Beantwortung Ihrer Fragen zur Verf\u00fcgung. Sie k\u00f6nnen uns unter folgender E-Mail-Adresse erreichen: &#099;&#x6f;n&#116;&#x61;c&#116;&#x40;e&#x6c;&#x65;&#099;&#x74;e&#117;&#x72;s&#101;&#x6e;h&#x65;&#x72;&#098;&#x65;&#x2e;&#102;&#x72;\" \/>\n<meta property=\"og:url\" content=\"https:\/\/www.electeursenherbe.fr\/de\/uber-uns\/kontakt\/\" \/>\n<meta property=\"og:site_name\" content=\"\u00c9lecteurs en Herbe\" \/>\n<meta property=\"article:modified_time\" content=\"2019-06-24T10:02:13+00:00\" \/>\n<meta name=\"twitter:card\" content=\"summary_large_image\" \/>\n<script type=\"application\/ld+json\" class=\"yoast-schema-graph\">{\"@context\":\"https:\\\/\\\/schema.org\",\"@graph\":[{\"@type\":\"WebPage\",\"@id\":\"https:\\\/\\\/www.electeursenherbe.fr\\\/de\\\/uber-uns\\\/kontakt\\\/\",\"url\":\"https:\\\/\\\/www.electeursenherbe.fr\\\/de\\\/uber-uns\\\/kontakt\\\/\",\"name\":\"Kontakt - \u00c9lecteurs en Herbe\",\"isPartOf\":{\"@id\":\"https:\\\/\\\/www.electeursenherbe.fr\\\/#website\"},\"datePublished\":\"2019-06-21T15:51:58+00:00\",\"dateModified\":\"2019-06-24T10:02:13+00:00\",\"breadcrumb\":{\"@id\":\"https:\\\/\\\/www.electeursenherbe.fr\\\/de\\\/uber-uns\\\/kontakt\\\/#breadcrumb\"},\"inLanguage\":\"de\",\"potentialAction\":[{\"@type\":\"ReadAction\",\"target\":[\"https:\\\/\\\/www.electeursenherbe.fr\\\/de\\\/uber-uns\\\/kontakt\\\/\"]}]},{\"@type\":\"BreadcrumbList\",\"@id\":\"https:\\\/\\\/www.electeursenherbe.fr\\\/de\\\/uber-uns\\\/kontakt\\\/#breadcrumb\",\"itemListElement\":[{\"@type\":\"ListItem\",\"position\":1,\"name\":\"Home\",\"item\":\"https:\\\/\\\/www.electeursenherbe.fr\\\/de\\\/\"},{\"@type\":\"ListItem\",\"position\":2,\"name\":\"\u00dcber uns\",\"item\":\"https:\\\/\\\/www.electeursenherbe.fr\\\/de\\\/uber-uns\\\/\"},{\"@type\":\"ListItem\",\"position\":3,\"name\":\"Kontakt\"}]},{\"@type\":\"WebSite\",\"@id\":\"https:\\\/\\\/www.electeursenherbe.fr\\\/#website\",\"url\":\"https:\\\/\\\/www.electeursenherbe.fr\\\/\",\"name\":\"\u00c9lecteurs en Herbe\",\"description\":\"D\u00e9coder, d\u00e9battre, s&#039;engager. Parcours et ressources p\u00e9dagogiques pour l&#039;\u00e9ducation \u00e0 la participation citoyenne des 11-18 ans. Apartisan, gratuit et libre.\",\"potentialAction\":[{\"@type\":\"SearchAction\",\"target\":{\"@type\":\"EntryPoint\",\"urlTemplate\":\"https:\\\/\\\/www.electeursenherbe.fr\\\/?s={search_term_string}\"},\"query-input\":{\"@type\":\"PropertyValueSpecification\",\"valueRequired\":true,\"valueName\":\"search_term_string\"}}],\"inLanguage\":\"de\"}]}<\/script>\n<!-- \/ Yoast SEO plugin. -->","yoast_head_json":{"title":"Kontakt - \u00c9lecteurs en Herbe","robots":{"index":"index","follow":"follow","max-snippet":"max-snippet:-1","max-image-preview":"max-image-preview:large","max-video-preview":"max-video-preview:-1"},"canonical":"https:\/\/www.electeursenherbe.fr\/de\/uber-uns\/kontakt\/","og_locale":"de_DE","og_type":"article","og_title":"Kontakt - \u00c9lecteurs en Herbe","og_description":"Das Team von \u201eElecteurs en herbe\u201c steht Ihnen f\u00fcr die Beantwortung Ihrer Fragen zur Verf\u00fcgung. Sie k\u00f6nnen uns unter folgender E-Mail-Adresse erreichen: &#99;&#x6f;n&#116;&#x61;c&#116;&#x40;e&#x6c;&#x65;&#99;&#x74;e&#117;&#x72;s&#101;&#x6e;h&#x65;&#x72;&#98;&#x65;&#x2e;&#102;&#x72;","og_url":"https:\/\/www.electeursenherbe.fr\/de\/uber-uns\/kontakt\/","og_site_name":"\u00c9lecteurs en Herbe","article_modified_time":"2019-06-24T10:02:13+00:00","twitter_card":"summary_large_image","schema":{"@context":"https:\/\/schema.org","@graph":[{"@type":"WebPage","@id":"https:\/\/www.electeursenherbe.fr\/de\/uber-uns\/kontakt\/","url":"https:\/\/www.electeursenherbe.fr\/de\/uber-uns\/kontakt\/","name":"Kontakt - \u00c9lecteurs en Herbe","isPartOf":{"@id":"https:\/\/www.electeursenherbe.fr\/#website"},"datePublished":"2019-06-21T15:51:58+00:00","dateModified":"2019-06-24T10:02:13+00:00","breadcrumb":{"@id":"https:\/\/www.electeursenherbe.fr\/de\/uber-uns\/kontakt\/#breadcrumb"},"inLanguage":"de","potentialAction":[{"@type":"ReadAction","target":["https:\/\/www.electeursenherbe.fr\/de\/uber-uns\/kontakt\/"]}]},{"@type":"BreadcrumbList","@id":"https:\/\/www.electeursenherbe.fr\/de\/uber-uns\/kontakt\/#breadcrumb","itemListElement":[{"@type":"ListItem","position":1,"name":"Home","item":"https:\/\/www.electeursenherbe.fr\/de\/"},{"@type":"ListItem","position":2,"name":"\u00dcber uns","item":"https:\/\/www.electeursenherbe.fr\/de\/uber-uns\/"},{"@type":"ListItem","position":3,"name":"Kontakt"}]},{"@type":"WebSite","@id":"https:\/\/www.electeursenherbe.fr\/#website","url":"https:\/\/www.electeursenherbe.fr\/","name":"\u00c9lecteurs en Herbe","description":"D\u00e9coder, d\u00e9battre, s&#039;engager. Parcours et ressources p\u00e9dagogiques pour l&#039;\u00e9ducation \u00e0 la participation citoyenne des 11-18 ans. Apartisan, gratuit et libre.","potentialAction":[{"@type":"SearchAction","target":{"@type":"EntryPoint","urlTemplate":"https:\/\/www.electeursenherbe.fr\/?s={search_term_string}"},"query-input":{"@type":"PropertyValueSpecification","valueRequired":true,"valueName":"search_term_string"}}],"inLanguage":"de"}]}},"_links":{"self":[{"href":"https:\/\/www.electeursenherbe.fr\/de\/wp-json\/wp\/v2\/pages\/2154","targetHints":{"allow":["GET"]}}],"collection":[{"href":"https:\/\/www.electeursenherbe.fr\/de\/wp-json\/wp\/v2\/pages"}],"about":[{"href":"https:\/\/www.electeursenherbe.fr\/de\/wp-json\/wp\/v2\/types\/page"}],"author":[{"embeddable":true,"href":"https:\/\/www.electeursenherbe.fr\/de\/wp-json\/wp\/v2\/users\/1"}],"replies":[{"embeddable":true,"href":"https:\/\/www.electeursenherbe.fr\/de\/wp-json\/wp\/v2\/comments?post=2154"}],"version-history":[{"count":1,"href":"https:\/\/www.electeursenherbe.fr\/de\/wp-json\/wp\/v2\/pages\/2154\/revisions"}],"predecessor-version":[{"id":2157,"href":"https:\/\/www.electeursenherbe.fr\/de\/wp-json\/wp\/v2\/pages\/2154\/revisions\/2157"}],"up":[{"embeddable":true,"href":"https:\/\/www.electeursenherbe.fr\/de\/wp-json\/wp\/v2\/pages\/2194"}],"wp:attachment":[{"href":"https:\/\/www.electeursenherbe.fr\/de\/wp-json\/wp\/v2\/media?parent=2154"}],"wp:term":[{"taxonomy":"lessonseries","embeddable":true,"href":"https:\/\/www.electeursenherbe.fr\/de\/wp-json\/wp\/v2\/lessonseries?post=2154"}],"curies":[{"name":"wp","href":"https:\/\/api.w.org\/{rel}","templated":true}]}}