{"id":2190,"date":"2019-06-24T14:49:09","date_gmt":"2019-06-24T12:49:09","guid":{"rendered":"https:\/\/www.electeursenherbe.fr\/vorstellung-des-themas\/"},"modified":"2019-09-20T11:23:02","modified_gmt":"2019-09-20T09:23:02","slug":"vorstellung-des-themas","status":"publish","type":"page","link":"https:\/\/www.electeursenherbe.fr\/de\/vorstellung-des-themas\/","title":{"rendered":"Vorstellung des Themas"},"content":{"rendered":"<p>Der Themenkomplex &amp;quot;Europawahlen 2019&amp;quot; von \u201e\u00c9lecteurs en herbe\u201c &#8211; Frankreich umfasst <strong>5 Etappen<\/strong>. Jede einzelne Etappe besteht aus:<\/p>\n<ul>\n<li>einer Auswahl von 5 bis 10 <strong>Lernaktivit\u00e4ten;<\/strong><\/li>\n<li>einer <strong>Web-Bibliothek<\/strong>, die die verschiedenen Begriffe und Konzepte einer Etappe abdeckt.<\/li>\n<\/ul>\n<h2><img loading=\"lazy\" decoding=\"async\" class=\"aligncenter wp-image-2789 size-full\" src=\"https:\/\/www.electeursenherbe.fr\/wp-content\/uploads\/2019\/09\/Vignettes-5-etapes-allemand.jpg\" alt=\"\" width=\"543\" height=\"187\" srcset=\"https:\/\/www.electeursenherbe.fr\/wp-content\/uploads\/2019\/09\/Vignettes-5-etapes-allemand.jpg 543w, https:\/\/www.electeursenherbe.fr\/wp-content\/uploads\/2019\/09\/Vignettes-5-etapes-allemand-300x103.jpg 300w, https:\/\/www.electeursenherbe.fr\/wp-content\/uploads\/2019\/09\/Vignettes-5-etapes-allemand-400x138.jpg 400w\" sizes=\"auto, (max-width: 543px) 100vw, 543px\" \/><\/h2>\n<h2>Ein anwendungsbezogener und ma\u00dfgeschneiderter Themenkomplex<\/h2>\n<p>Sich in die Lage eines\/einer Abgeordneten versetzen, eine Meinungsumfrage durchf\u00fchren, verschiedene Wahlverfahren ausprobieren, wie Sherlock Holmes den Ursprung einer Information im Internet nachverfolgen, an einer bewegenden Debatte \u00fcber die Erweiterung der Europ\u00e4ischen Union teilnehmen, mittels der Methode Fotosprache seine Vision von<br \/>\nEuropa ausdr\u00fccken,\u2026 Die Ihnen vorgeschlagenen Lernaktivit\u00e4ten sind von unterschiedlicher Art und Komplexit\u00e4t.<\/p>\n<p>Sie k\u00f6nnen diejenigen Lernaktivit\u00e4ten w\u00e4hlen, die am besten f\u00fcr die Gr\u00f6\u00dfe Ihrer Zielgruppe,<br \/>\nder zur Verf\u00fcgung stehenden Zeit, zu Ihren Lernzielen und W\u00fcnschen geeignet erscheinen&#8230;. Ein <a href=\"http:\/\/www.electeursenherbe.fr\/generateur-de-book\/\">E-Book-Generator<\/a> erm\u00f6glicht es Ihnen, Ihr Themenlernpfad ma\u00dfgeschneidert zu erstellen. Auf die gleiche Weise sind die Methoden und der Zeitplan der vorgeschlagenen Einheiten Richtwerte, Sie k\u00f6nnen diese selbstverst\u00e4ndlich frei je nach Ihrer Zielgruppe und anderer Bedingungen anpassen.<\/p>\n<p><strong>ACHTUNG<\/strong>: Die Organisation der Wahlsimulation (siehe Arbeitsblatt Nr. 4 von Schritt 4 \u201eIch stimme ab&#8220;) muss im Voraus geplant werden. Zum einen erfordert die Vorbereitung der Simulation ein wenig logistische Organisation. Zum anderen beeinflusst das Datum, an dem die Wahlsimulation vorgenommen werden soll, die Gesamtplanung der Aktivit\u00e4t.<\/p>\n<h2>Ein kooperativer Ansatz<\/h2>\n<h3>Online<\/h3>\n<p>Diese Website ist sowohl der<strong> \u201eRessourcen\u201c-Bereich<\/strong> f\u00fcr das Experimentieren und Erproben, als auch ein Arbeitsbereich f\u00fcr die durch das Projekt mobilisierte Bildungs-Community. Die P\u00e4dagogen\/P\u00e4dagoginnen und Referenten\/Referentinnen k\u00f6nnen so:<\/p>\n<ul>\n<li>Feedback zu den vorgeschlagenen p\u00e4dagogischen Einheiten geben;<\/li>\n<li>neue Lerneinheiten vorschlagen;<\/li>\n<li>ihre Fragen stellen und mit den Mitgliedern der Community in einem Forum in ontakt treten (Funktion bald verf\u00fcgbar)<\/li>\n<\/ul>\n<h3>Vor Ort<\/h3>\n<p>Das Projekt zielt bereits in der Gr\u00fcndungssatzung des Vereins darauf ab, Expertise aus dem nationalen Bildungssystem und der au\u00dferschulischen Bildung zu b\u00fcndeln. Ohne, dass dies eine unabdingbare Voraussetzung ist, empfehlen wir Bildungseinrichtungen und lokalen<br \/>\nVerb\u00e4nden und Vereinen, Kooperationen bei der Umsetzung des p\u00e4dagogischen Lernpfades und der Lerneinheiten in Betracht zu ziehen.<\/p>\n","protected":false},"excerpt":{"rendered":"<p>Der Themenkomplex &amp;quot;Europawahlen 2019&amp;quot; von \u201e\u00c9lecteurs en herbe\u201c &#8211; Frankreich umfasst 5 Etappen. Jede einzelne Etappe besteht aus: einer Auswahl von 5 bis 10 Lernaktivit\u00e4ten; einer Web-Bibliothek, die die verschiedenen Begriffe und Konzepte einer Etappe abdeckt. Ein anwendungsbezogener und ma\u00dfgeschneiderter Themenkomplex Sich in die Lage eines\/einer Abgeordneten versetzen, eine Meinungsumfrage durchf\u00fchren, verschiedene Wahlverfahren ausprobieren, wie [&hellip;]<\/p>\n","protected":false},"author":1,"featured_media":0,"parent":0,"menu_order":0,"comment_status":"closed","ping_status":"closed","template":"","meta":{"footnotes":""},"lessonseries":[68],"class_list":["post-2190","page","type-page","status-publish","hentry","lessonseries-themenkomplex-europawahlen-2019"],"yoast_head":"<!-- This site is optimized with the Yoast SEO plugin v27.3 - https:\/\/yoast.com\/product\/yoast-seo-wordpress\/ -->\n<title>Vorstellung des Themas - \u00c9lecteurs en Herbe<\/title>\n<meta name=\"robots\" content=\"index, follow, max-snippet:-1, max-image-preview:large, max-video-preview:-1\" \/>\n<link rel=\"canonical\" href=\"https:\/\/www.electeursenherbe.fr\/de\/vorstellung-des-themas\/\" \/>\n<meta property=\"og:locale\" content=\"de_DE\" \/>\n<meta property=\"og:type\" content=\"article\" \/>\n<meta property=\"og:title\" content=\"Vorstellung des Themas - \u00c9lecteurs en Herbe\" \/>\n<meta property=\"og:description\" content=\"Der Themenkomplex &amp;quot;Europawahlen 2019&amp;quot; von \u201e\u00c9lecteurs en herbe\u201c &#8211; Frankreich umfasst 5 Etappen. Jede einzelne Etappe besteht aus: einer Auswahl von 5 bis 10 Lernaktivit\u00e4ten; einer Web-Bibliothek, die die verschiedenen Begriffe und Konzepte einer Etappe abdeckt. Ein anwendungsbezogener und ma\u00dfgeschneiderter Themenkomplex Sich in die Lage eines\/einer Abgeordneten versetzen, eine Meinungsumfrage durchf\u00fchren, verschiedene Wahlverfahren ausprobieren, wie [&hellip;]\" \/>\n<meta property=\"og:url\" content=\"https:\/\/www.electeursenherbe.fr\/de\/vorstellung-des-themas\/\" \/>\n<meta property=\"og:site_name\" content=\"\u00c9lecteurs en Herbe\" \/>\n<meta property=\"article:modified_time\" content=\"2019-09-20T09:23:02+00:00\" \/>\n<meta property=\"og:image\" content=\"https:\/\/www.electeursenherbe.fr\/wp-content\/uploads\/2019\/09\/Vignettes-5-etapes-allemand.jpg\" \/>\n<meta name=\"twitter:card\" content=\"summary_large_image\" \/>\n<meta name=\"twitter:label1\" content=\"Gesch\u00e4tzte Lesezeit\" \/>\n\t<meta name=\"twitter:data1\" content=\"2\u00a0Minuten\" \/>\n<script type=\"application\/ld+json\" class=\"yoast-schema-graph\">{\"@context\":\"https:\\\/\\\/schema.org\",\"@graph\":[{\"@type\":\"WebPage\",\"@id\":\"https:\\\/\\\/www.electeursenherbe.fr\\\/de\\\/vorstellung-des-themas\\\/\",\"url\":\"https:\\\/\\\/www.electeursenherbe.fr\\\/de\\\/vorstellung-des-themas\\\/\",\"name\":\"Vorstellung des Themas - \u00c9lecteurs en Herbe\",\"isPartOf\":{\"@id\":\"https:\\\/\\\/www.electeursenherbe.fr\\\/#website\"},\"primaryImageOfPage\":{\"@id\":\"https:\\\/\\\/www.electeursenherbe.fr\\\/de\\\/vorstellung-des-themas\\\/#primaryimage\"},\"image\":{\"@id\":\"https:\\\/\\\/www.electeursenherbe.fr\\\/de\\\/vorstellung-des-themas\\\/#primaryimage\"},\"thumbnailUrl\":\"https:\\\/\\\/www.electeursenherbe.fr\\\/wp-content\\\/uploads\\\/2019\\\/09\\\/Vignettes-5-etapes-allemand.jpg\",\"datePublished\":\"2019-06-24T12:49:09+00:00\",\"dateModified\":\"2019-09-20T09:23:02+00:00\",\"breadcrumb\":{\"@id\":\"https:\\\/\\\/www.electeursenherbe.fr\\\/de\\\/vorstellung-des-themas\\\/#breadcrumb\"},\"inLanguage\":\"de\",\"potentialAction\":[{\"@type\":\"ReadAction\",\"target\":[\"https:\\\/\\\/www.electeursenherbe.fr\\\/de\\\/vorstellung-des-themas\\\/\"]}]},{\"@type\":\"ImageObject\",\"inLanguage\":\"de\",\"@id\":\"https:\\\/\\\/www.electeursenherbe.fr\\\/de\\\/vorstellung-des-themas\\\/#primaryimage\",\"url\":\"https:\\\/\\\/www.electeursenherbe.fr\\\/wp-content\\\/uploads\\\/2019\\\/09\\\/Vignettes-5-etapes-allemand.jpg\",\"contentUrl\":\"https:\\\/\\\/www.electeursenherbe.fr\\\/wp-content\\\/uploads\\\/2019\\\/09\\\/Vignettes-5-etapes-allemand.jpg\"},{\"@type\":\"BreadcrumbList\",\"@id\":\"https:\\\/\\\/www.electeursenherbe.fr\\\/de\\\/vorstellung-des-themas\\\/#breadcrumb\",\"itemListElement\":[{\"@type\":\"ListItem\",\"position\":1,\"name\":\"Home\",\"item\":\"https:\\\/\\\/www.electeursenherbe.fr\\\/de\\\/\"},{\"@type\":\"ListItem\",\"position\":2,\"name\":\"Vorstellung des Themas\"}]},{\"@type\":\"WebSite\",\"@id\":\"https:\\\/\\\/www.electeursenherbe.fr\\\/#website\",\"url\":\"https:\\\/\\\/www.electeursenherbe.fr\\\/\",\"name\":\"\u00c9lecteurs en Herbe\",\"description\":\"D\u00e9coder, d\u00e9battre, s&#039;engager. Parcours et ressources p\u00e9dagogiques pour l&#039;\u00e9ducation \u00e0 la participation citoyenne des 11-18 ans. Apartisan, gratuit et libre.\",\"potentialAction\":[{\"@type\":\"SearchAction\",\"target\":{\"@type\":\"EntryPoint\",\"urlTemplate\":\"https:\\\/\\\/www.electeursenherbe.fr\\\/?s={search_term_string}\"},\"query-input\":{\"@type\":\"PropertyValueSpecification\",\"valueRequired\":true,\"valueName\":\"search_term_string\"}}],\"inLanguage\":\"de\"}]}<\/script>\n<!-- \/ Yoast SEO plugin. -->","yoast_head_json":{"title":"Vorstellung des Themas - \u00c9lecteurs en Herbe","robots":{"index":"index","follow":"follow","max-snippet":"max-snippet:-1","max-image-preview":"max-image-preview:large","max-video-preview":"max-video-preview:-1"},"canonical":"https:\/\/www.electeursenherbe.fr\/de\/vorstellung-des-themas\/","og_locale":"de_DE","og_type":"article","og_title":"Vorstellung des Themas - \u00c9lecteurs en Herbe","og_description":"Der Themenkomplex &amp;quot;Europawahlen 2019&amp;quot; von \u201e\u00c9lecteurs en herbe\u201c &#8211; Frankreich umfasst 5 Etappen. Jede einzelne Etappe besteht aus: einer Auswahl von 5 bis 10 Lernaktivit\u00e4ten; einer Web-Bibliothek, die die verschiedenen Begriffe und Konzepte einer Etappe abdeckt. Ein anwendungsbezogener und ma\u00dfgeschneiderter Themenkomplex Sich in die Lage eines\/einer Abgeordneten versetzen, eine Meinungsumfrage durchf\u00fchren, verschiedene Wahlverfahren ausprobieren, wie [&hellip;]","og_url":"https:\/\/www.electeursenherbe.fr\/de\/vorstellung-des-themas\/","og_site_name":"\u00c9lecteurs en Herbe","article_modified_time":"2019-09-20T09:23:02+00:00","og_image":[{"url":"https:\/\/www.electeursenherbe.fr\/wp-content\/uploads\/2019\/09\/Vignettes-5-etapes-allemand.jpg","type":"","width":"","height":""}],"twitter_card":"summary_large_image","twitter_misc":{"Gesch\u00e4tzte Lesezeit":"2\u00a0Minuten"},"schema":{"@context":"https:\/\/schema.org","@graph":[{"@type":"WebPage","@id":"https:\/\/www.electeursenherbe.fr\/de\/vorstellung-des-themas\/","url":"https:\/\/www.electeursenherbe.fr\/de\/vorstellung-des-themas\/","name":"Vorstellung des Themas - \u00c9lecteurs en Herbe","isPartOf":{"@id":"https:\/\/www.electeursenherbe.fr\/#website"},"primaryImageOfPage":{"@id":"https:\/\/www.electeursenherbe.fr\/de\/vorstellung-des-themas\/#primaryimage"},"image":{"@id":"https:\/\/www.electeursenherbe.fr\/de\/vorstellung-des-themas\/#primaryimage"},"thumbnailUrl":"https:\/\/www.electeursenherbe.fr\/wp-content\/uploads\/2019\/09\/Vignettes-5-etapes-allemand.jpg","datePublished":"2019-06-24T12:49:09+00:00","dateModified":"2019-09-20T09:23:02+00:00","breadcrumb":{"@id":"https:\/\/www.electeursenherbe.fr\/de\/vorstellung-des-themas\/#breadcrumb"},"inLanguage":"de","potentialAction":[{"@type":"ReadAction","target":["https:\/\/www.electeursenherbe.fr\/de\/vorstellung-des-themas\/"]}]},{"@type":"ImageObject","inLanguage":"de","@id":"https:\/\/www.electeursenherbe.fr\/de\/vorstellung-des-themas\/#primaryimage","url":"https:\/\/www.electeursenherbe.fr\/wp-content\/uploads\/2019\/09\/Vignettes-5-etapes-allemand.jpg","contentUrl":"https:\/\/www.electeursenherbe.fr\/wp-content\/uploads\/2019\/09\/Vignettes-5-etapes-allemand.jpg"},{"@type":"BreadcrumbList","@id":"https:\/\/www.electeursenherbe.fr\/de\/vorstellung-des-themas\/#breadcrumb","itemListElement":[{"@type":"ListItem","position":1,"name":"Home","item":"https:\/\/www.electeursenherbe.fr\/de\/"},{"@type":"ListItem","position":2,"name":"Vorstellung des Themas"}]},{"@type":"WebSite","@id":"https:\/\/www.electeursenherbe.fr\/#website","url":"https:\/\/www.electeursenherbe.fr\/","name":"\u00c9lecteurs en Herbe","description":"D\u00e9coder, d\u00e9battre, s&#039;engager. Parcours et ressources p\u00e9dagogiques pour l&#039;\u00e9ducation \u00e0 la participation citoyenne des 11-18 ans. Apartisan, gratuit et libre.","potentialAction":[{"@type":"SearchAction","target":{"@type":"EntryPoint","urlTemplate":"https:\/\/www.electeursenherbe.fr\/?s={search_term_string}"},"query-input":{"@type":"PropertyValueSpecification","valueRequired":true,"valueName":"search_term_string"}}],"inLanguage":"de"}]}},"_links":{"self":[{"href":"https:\/\/www.electeursenherbe.fr\/de\/wp-json\/wp\/v2\/pages\/2190","targetHints":{"allow":["GET"]}}],"collection":[{"href":"https:\/\/www.electeursenherbe.fr\/de\/wp-json\/wp\/v2\/pages"}],"about":[{"href":"https:\/\/www.electeursenherbe.fr\/de\/wp-json\/wp\/v2\/types\/page"}],"author":[{"embeddable":true,"href":"https:\/\/www.electeursenherbe.fr\/de\/wp-json\/wp\/v2\/users\/1"}],"replies":[{"embeddable":true,"href":"https:\/\/www.electeursenherbe.fr\/de\/wp-json\/wp\/v2\/comments?post=2190"}],"version-history":[{"count":3,"href":"https:\/\/www.electeursenherbe.fr\/de\/wp-json\/wp\/v2\/pages\/2190\/revisions"}],"predecessor-version":[{"id":2792,"href":"https:\/\/www.electeursenherbe.fr\/de\/wp-json\/wp\/v2\/pages\/2190\/revisions\/2792"}],"wp:attachment":[{"href":"https:\/\/www.electeursenherbe.fr\/de\/wp-json\/wp\/v2\/media?parent=2190"}],"wp:term":[{"taxonomy":"lessonseries","embeddable":true,"href":"https:\/\/www.electeursenherbe.fr\/de\/wp-json\/wp\/v2\/lessonseries?post=2190"}],"curies":[{"name":"wp","href":"https:\/\/api.w.org\/{rel}","templated":true}]}}