{"id":2195,"date":"2019-06-24T15:18:30","date_gmt":"2019-06-24T13:18:30","guid":{"rendered":"https:\/\/www.electeursenherbe.fr\/about-us\/partner\/"},"modified":"2019-06-24T15:18:30","modified_gmt":"2019-06-24T13:18:30","slug":"partner","status":"publish","type":"page","link":"https:\/\/www.electeursenherbe.fr\/de\/uber-uns\/partner\/","title":{"rendered":"Partner"},"content":{"rendered":"<p>Unser Verein steht <strong>unter der Schirmherrschaft von Jean-Michel Blanquer,<\/strong> Minister f\u00fcr<br \/>\nnationale Bildung und Jugend.<br \/>\nVielen Dank an unsere <strong>Finanzpartner<\/strong>, ohne die die Erprobung, Auswertung und<br \/>\nEntwicklung des Projekts nicht m\u00f6glich gewesen w\u00e4ren:<\/p>\n<ul>\n<li><a href=\"http:\/\/www.education.gouv.fr\/\">\u00a0Das Ministerium f\u00fcr nationale Bildung und Jugend (DGESCO)<\/a><\/li>\n<li><a href=\"http:\/\/agriculture.gouv.fr\/\">Das Landwirtschaftsministerium<\/a><\/li>\n<li><a href=\"https:\/\/fondation.edf.com\/fr\"> Die EDF-Stiftung<\/a><\/li>\n<li><a href=\"http:\/\/www.casden.fr\/\"> Die CASDEN &#8211; Volksbank<\/a><\/li>\n<li><a href=\"http:\/\/www.amiralgestion.com\/\"> Amiral Gestion \u2013 Sextant-Stiftung<\/a><\/li>\n<li><a href=\"https:\/\/www.paris.fr\/international#paris-et-l-europe_32\"> Das Pariser Label Europe 2018<\/a><\/li>\n<li><a href=\"http:\/\/fondationhippocrene.eu\/\"> Die Hippocr\u00e8ne-Stiftung<\/a><\/li>\n<li><a href=\"https:\/\/www.ofaj.org\/\">Das Deutsch-Franz\u00f6sisch Jungendwerk (DFJW)<\/a><\/li>\n<li><a href=\"https:\/\/www.vote-et-vous.fr\/\">Der Verein Vote&amp;Vous<\/a><\/li>\n<\/ul>\n<div id='gallery-1' class='gallery galleryid-2195 gallery-columns-3 gallery-size-full'><figure class='gallery-item'>\n\t\t\t<div class='gallery-icon portrait'>\n\t\t\t\t<img loading=\"lazy\" decoding=\"async\" width=\"492\" height=\"651\" src=\"https:\/\/www.electeursenherbe.fr\/wp-content\/uploads\/2019\/01\/2018_MENJ_logo_vertic_vect.jpg\" class=\"attachment-full size-full\" alt=\"\" srcset=\"https:\/\/www.electeursenherbe.fr\/wp-content\/uploads\/2019\/01\/2018_MENJ_logo_vertic_vect.jpg 492w, https:\/\/www.electeursenherbe.fr\/wp-content\/uploads\/2019\/01\/2018_MENJ_logo_vertic_vect-227x300.jpg 227w, https:\/\/www.electeursenherbe.fr\/wp-content\/uploads\/2019\/01\/2018_MENJ_logo_vertic_vect-189x250.jpg 189w\" sizes=\"auto, (max-width: 492px) 100vw, 492px\" \/>\n\t\t\t<\/div><\/figure><figure class='gallery-item'>\n\t\t\t<div class='gallery-icon portrait'>\n\t\t\t\t<img loading=\"lazy\" decoding=\"async\" width=\"389\" height=\"500\" src=\"https:\/\/www.electeursenherbe.fr\/wp-content\/uploads\/2019\/01\/47661bd0b94c4eb5a95dc1ba348630.png\" class=\"attachment-full size-full\" alt=\"\" srcset=\"https:\/\/www.electeursenherbe.fr\/wp-content\/uploads\/2019\/01\/47661bd0b94c4eb5a95dc1ba348630.png 389w, https:\/\/www.electeursenherbe.fr\/wp-content\/uploads\/2019\/01\/47661bd0b94c4eb5a95dc1ba348630-233x300.png 233w, https:\/\/www.electeursenherbe.fr\/wp-content\/uploads\/2019\/01\/47661bd0b94c4eb5a95dc1ba348630-195x250.png 195w\" sizes=\"auto, (max-width: 389px) 100vw, 389px\" \/>\n\t\t\t<\/div><\/figure><figure class='gallery-item'>\n\t\t\t<div class='gallery-icon landscape'>\n\t\t\t\t<img loading=\"lazy\" decoding=\"async\" width=\"194\" height=\"194\" src=\"https:\/\/www.electeursenherbe.fr\/wp-content\/uploads\/2018\/06\/logo-hippocr\u00e8ne.png\" class=\"attachment-full size-full\" alt=\"\" srcset=\"https:\/\/www.electeursenherbe.fr\/wp-content\/uploads\/2018\/06\/logo-hippocr\u00e8ne.png 194w, https:\/\/www.electeursenherbe.fr\/wp-content\/uploads\/2018\/06\/logo-hippocr\u00e8ne-100x100.png 100w, https:\/\/www.electeursenherbe.fr\/wp-content\/uploads\/2018\/06\/logo-hippocr\u00e8ne-150x150.png 150w\" sizes=\"auto, (max-width: 194px) 100vw, 194px\" \/>\n\t\t\t<\/div><\/figure><figure class='gallery-item'>\n\t\t\t<div class='gallery-icon landscape'>\n\t\t\t\t<img loading=\"lazy\" decoding=\"async\" width=\"829\" height=\"289\" src=\"https:\/\/www.electeursenherbe.fr\/wp-content\/uploads\/2018\/06\/EDF-1.png\" class=\"attachment-full size-full\" alt=\"\" srcset=\"https:\/\/www.electeursenherbe.fr\/wp-content\/uploads\/2018\/06\/EDF-1.png 829w, https:\/\/www.electeursenherbe.fr\/wp-content\/uploads\/2018\/06\/EDF-1-600x209.png 600w, https:\/\/www.electeursenherbe.fr\/wp-content\/uploads\/2018\/06\/EDF-1-300x105.png 300w, https:\/\/www.electeursenherbe.fr\/wp-content\/uploads\/2018\/06\/EDF-1-768x268.png 768w, https:\/\/www.electeursenherbe.fr\/wp-content\/uploads\/2018\/06\/EDF-1-400x139.png 400w\" sizes=\"auto, (max-width: 829px) 100vw, 829px\" \/>\n\t\t\t<\/div><\/figure><figure class='gallery-item'>\n\t\t\t<div class='gallery-icon landscape'>\n\t\t\t\t<img loading=\"lazy\" decoding=\"async\" width=\"789\" height=\"332\" src=\"https:\/\/www.electeursenherbe.fr\/wp-content\/uploads\/2018\/06\/casden.png\" class=\"attachment-full size-full\" alt=\"\" srcset=\"https:\/\/www.electeursenherbe.fr\/wp-content\/uploads\/2018\/06\/casden.png 789w, https:\/\/www.electeursenherbe.fr\/wp-content\/uploads\/2018\/06\/casden-600x252.png 600w, https:\/\/www.electeursenherbe.fr\/wp-content\/uploads\/2018\/06\/casden-300x126.png 300w, https:\/\/www.electeursenherbe.fr\/wp-content\/uploads\/2018\/06\/casden-768x323.png 768w, https:\/\/www.electeursenherbe.fr\/wp-content\/uploads\/2018\/06\/casden-400x168.png 400w\" sizes=\"auto, (max-width: 789px) 100vw, 789px\" \/>\n\t\t\t<\/div><\/figure><figure class='gallery-item'>\n\t\t\t<div class='gallery-icon landscape'>\n\t\t\t\t<img loading=\"lazy\" decoding=\"async\" width=\"942\" height=\"317\" src=\"https:\/\/www.electeursenherbe.fr\/wp-content\/uploads\/2018\/06\/Amiral-Gestion.png\" class=\"attachment-full size-full\" alt=\"\" srcset=\"https:\/\/www.electeursenherbe.fr\/wp-content\/uploads\/2018\/06\/Amiral-Gestion.png 942w, https:\/\/www.electeursenherbe.fr\/wp-content\/uploads\/2018\/06\/Amiral-Gestion-600x202.png 600w, https:\/\/www.electeursenherbe.fr\/wp-content\/uploads\/2018\/06\/Amiral-Gestion-300x101.png 300w, https:\/\/www.electeursenherbe.fr\/wp-content\/uploads\/2018\/06\/Amiral-Gestion-768x258.png 768w, https:\/\/www.electeursenherbe.fr\/wp-content\/uploads\/2018\/06\/Amiral-Gestion-400x135.png 400w\" sizes=\"auto, (max-width: 942px) 100vw, 942px\" \/>\n\t\t\t<\/div><\/figure><figure class='gallery-item'>\n\t\t\t<div class='gallery-icon landscape'>\n\t\t\t\t<img loading=\"lazy\" decoding=\"async\" width=\"694\" height=\"421\" src=\"https:\/\/www.electeursenherbe.fr\/wp-content\/uploads\/2018\/06\/Paris-Label-Europe.png\" class=\"attachment-full size-full\" alt=\"\" srcset=\"https:\/\/www.electeursenherbe.fr\/wp-content\/uploads\/2018\/06\/Paris-Label-Europe.png 694w, https:\/\/www.electeursenherbe.fr\/wp-content\/uploads\/2018\/06\/Paris-Label-Europe-600x364.png 600w, https:\/\/www.electeursenherbe.fr\/wp-content\/uploads\/2018\/06\/Paris-Label-Europe-300x182.png 300w, https:\/\/www.electeursenherbe.fr\/wp-content\/uploads\/2018\/06\/Paris-Label-Europe-400x243.png 400w\" sizes=\"auto, (max-width: 694px) 100vw, 694px\" \/>\n\t\t\t<\/div><\/figure><figure class='gallery-item'>\n\t\t\t<div class='gallery-icon landscape'>\n\t\t\t\t<img loading=\"lazy\" decoding=\"async\" width=\"786\" height=\"546\" src=\"https:\/\/www.electeursenherbe.fr\/wp-content\/uploads\/2019\/06\/th-2.jpg\" class=\"attachment-full size-full\" alt=\"\" srcset=\"https:\/\/www.electeursenherbe.fr\/wp-content\/uploads\/2019\/06\/th-2.jpg 786w, https:\/\/www.electeursenherbe.fr\/wp-content\/uploads\/2019\/06\/th-2-600x417.jpg 600w, https:\/\/www.electeursenherbe.fr\/wp-content\/uploads\/2019\/06\/th-2-300x208.jpg 300w, https:\/\/www.electeursenherbe.fr\/wp-content\/uploads\/2019\/06\/th-2-768x533.jpg 768w, https:\/\/www.electeursenherbe.fr\/wp-content\/uploads\/2019\/06\/th-2-360x250.jpg 360w\" sizes=\"auto, (max-width: 786px) 100vw, 786px\" \/>\n\t\t\t<\/div><\/figure><figure class='gallery-item'>\n\t\t\t<div class='gallery-icon landscape'>\n\t\t\t\t<img loading=\"lazy\" decoding=\"async\" width=\"1000\" height=\"484\" src=\"https:\/\/www.electeursenherbe.fr\/wp-content\/uploads\/2019\/06\/vote-et-vous-libre_2_orig.png\" class=\"attachment-full size-full\" alt=\"\" srcset=\"https:\/\/www.electeursenherbe.fr\/wp-content\/uploads\/2019\/06\/vote-et-vous-libre_2_orig.png 1000w, https:\/\/www.electeursenherbe.fr\/wp-content\/uploads\/2019\/06\/vote-et-vous-libre_2_orig-600x290.png 600w, https:\/\/www.electeursenherbe.fr\/wp-content\/uploads\/2019\/06\/vote-et-vous-libre_2_orig-300x145.png 300w, https:\/\/www.electeursenherbe.fr\/wp-content\/uploads\/2019\/06\/vote-et-vous-libre_2_orig-768x372.png 768w, https:\/\/www.electeursenherbe.fr\/wp-content\/uploads\/2019\/06\/vote-et-vous-libre_2_orig-400x194.png 400w\" sizes=\"auto, (max-width: 1000px) 100vw, 1000px\" \/>\n\t\t\t<\/div><\/figure>\n\t\t<\/div>\n\n<p>&nbsp;<\/p>\n<p>Wir m\u00f6chten auch dem <strong>Wahlleiter des Bundesstaates Qu\u00e9be<\/strong>c und insbesondere dem Team<br \/>\nf\u00fcr Demokratiebildung f\u00fcr ihre Hilfe und ihren Enthusiasmus bei der Entwicklung des<br \/>\nProjekts in Frankreich danken.<\/p>\n<p>\u201e\u00c9lecteurs en herbe\u201c wurde 2001 in Qu\u00e9bec dank des <a href=\"http:\/\/www.fjim.ca\/\">Forums jeunesse de l&#8217;\u00eele de Montr\u00e9al<\/a><br \/>\ngeboren. Mit dessen Koordinierung wurde 2015 der Wahlleiter des Bundesstaates Qu\u00e9bec<br \/>\nbeauftragt, eine Institution, deren Aufgabe es ist, die Durchf\u00fchrung von Wahlen und<br \/>\nVolksabstimmungen in Qu\u00e9bec sicherzustellen.<\/p>\n","protected":false},"excerpt":{"rendered":"<p>Unser Verein steht unter der Schirmherrschaft von Jean-Michel Blanquer, Minister f\u00fcr nationale Bildung und Jugend. Vielen Dank an unsere Finanzpartner, ohne die die Erprobung, Auswertung und Entwicklung des Projekts nicht m\u00f6glich gewesen w\u00e4ren: \u00a0Das Ministerium f\u00fcr nationale Bildung und Jugend (DGESCO) Das Landwirtschaftsministerium Die EDF-Stiftung Die CASDEN &#8211; Volksbank Amiral Gestion \u2013 Sextant-Stiftung Das Pariser [&hellip;]<\/p>\n","protected":false},"author":1,"featured_media":0,"parent":2194,"menu_order":0,"comment_status":"closed","ping_status":"closed","template":"","meta":{"footnotes":""},"lessonseries":[],"class_list":["post-2195","page","type-page","status-publish","hentry"],"yoast_head":"<!-- This site is optimized with the Yoast SEO plugin v27.2 - https:\/\/yoast.com\/product\/yoast-seo-wordpress\/ -->\n<title>Partner - \u00c9lecteurs en Herbe<\/title>\n<meta name=\"robots\" content=\"index, follow, max-snippet:-1, max-image-preview:large, max-video-preview:-1\" \/>\n<link rel=\"canonical\" href=\"https:\/\/www.electeursenherbe.fr\/de\/uber-uns\/partner\/\" \/>\n<meta property=\"og:locale\" content=\"de_DE\" \/>\n<meta property=\"og:type\" content=\"article\" \/>\n<meta property=\"og:title\" content=\"Partner - \u00c9lecteurs en Herbe\" \/>\n<meta property=\"og:description\" content=\"Unser Verein steht unter der Schirmherrschaft von Jean-Michel Blanquer, Minister f\u00fcr nationale Bildung und Jugend. Vielen Dank an unsere Finanzpartner, ohne die die Erprobung, Auswertung und Entwicklung des Projekts nicht m\u00f6glich gewesen w\u00e4ren: \u00a0Das Ministerium f\u00fcr nationale Bildung und Jugend (DGESCO) Das Landwirtschaftsministerium Die EDF-Stiftung Die CASDEN &#8211; Volksbank Amiral Gestion \u2013 Sextant-Stiftung Das Pariser [&hellip;]\" \/>\n<meta property=\"og:url\" content=\"https:\/\/www.electeursenherbe.fr\/de\/uber-uns\/partner\/\" \/>\n<meta property=\"og:site_name\" content=\"\u00c9lecteurs en Herbe\" \/>\n<meta property=\"og:image\" content=\"https:\/\/www.electeursenherbe.fr\/wp-content\/uploads\/2019\/01\/2018_MENJ_logo_vertic_vect.jpg\" \/>\n<meta name=\"twitter:card\" content=\"summary_large_image\" \/>\n<meta name=\"twitter:label1\" content=\"Gesch\u00e4tzte Lesezeit\" \/>\n\t<meta name=\"twitter:data1\" content=\"1\u00a0Minute\" \/>\n<script type=\"application\/ld+json\" class=\"yoast-schema-graph\">{\"@context\":\"https:\/\/schema.org\",\"@graph\":[{\"@type\":\"WebPage\",\"@id\":\"https:\/\/www.electeursenherbe.fr\/de\/uber-uns\/partner\/\",\"url\":\"https:\/\/www.electeursenherbe.fr\/de\/uber-uns\/partner\/\",\"name\":\"Partner - \u00c9lecteurs en Herbe\",\"isPartOf\":{\"@id\":\"https:\/\/www.electeursenherbe.fr\/#website\"},\"datePublished\":\"2019-06-24T13:18:30+00:00\",\"breadcrumb\":{\"@id\":\"https:\/\/www.electeursenherbe.fr\/de\/uber-uns\/partner\/#breadcrumb\"},\"inLanguage\":\"de\",\"potentialAction\":[{\"@type\":\"ReadAction\",\"target\":[\"https:\/\/www.electeursenherbe.fr\/de\/uber-uns\/partner\/\"]}]},{\"@type\":\"BreadcrumbList\",\"@id\":\"https:\/\/www.electeursenherbe.fr\/de\/uber-uns\/partner\/#breadcrumb\",\"itemListElement\":[{\"@type\":\"ListItem\",\"position\":1,\"name\":\"Home\",\"item\":\"https:\/\/www.electeursenherbe.fr\/de\/\"},{\"@type\":\"ListItem\",\"position\":2,\"name\":\"\u00dcber uns\",\"item\":\"https:\/\/www.electeursenherbe.fr\/de\/uber-uns\/\"},{\"@type\":\"ListItem\",\"position\":3,\"name\":\"Partner\"}]},{\"@type\":\"WebSite\",\"@id\":\"https:\/\/www.electeursenherbe.fr\/#website\",\"url\":\"https:\/\/www.electeursenherbe.fr\/\",\"name\":\"\u00c9lecteurs en Herbe\",\"description\":\"D\u00e9coder, d\u00e9battre, s&#039;engager. Parcours et ressources p\u00e9dagogiques pour l&#039;\u00e9ducation \u00e0 la participation citoyenne des 11-18 ans. Apartisan, gratuit et libre.\",\"potentialAction\":[{\"@type\":\"SearchAction\",\"target\":{\"@type\":\"EntryPoint\",\"urlTemplate\":\"https:\/\/www.electeursenherbe.fr\/?s={search_term_string}\"},\"query-input\":{\"@type\":\"PropertyValueSpecification\",\"valueRequired\":true,\"valueName\":\"search_term_string\"}}],\"inLanguage\":\"de\"}]}<\/script>\n<!-- \/ Yoast SEO plugin. -->","yoast_head_json":{"title":"Partner - \u00c9lecteurs en Herbe","robots":{"index":"index","follow":"follow","max-snippet":"max-snippet:-1","max-image-preview":"max-image-preview:large","max-video-preview":"max-video-preview:-1"},"canonical":"https:\/\/www.electeursenherbe.fr\/de\/uber-uns\/partner\/","og_locale":"de_DE","og_type":"article","og_title":"Partner - \u00c9lecteurs en Herbe","og_description":"Unser Verein steht unter der Schirmherrschaft von Jean-Michel Blanquer, Minister f\u00fcr nationale Bildung und Jugend. Vielen Dank an unsere Finanzpartner, ohne die die Erprobung, Auswertung und Entwicklung des Projekts nicht m\u00f6glich gewesen w\u00e4ren: \u00a0Das Ministerium f\u00fcr nationale Bildung und Jugend (DGESCO) Das Landwirtschaftsministerium Die EDF-Stiftung Die CASDEN &#8211; Volksbank Amiral Gestion \u2013 Sextant-Stiftung Das Pariser [&hellip;]","og_url":"https:\/\/www.electeursenherbe.fr\/de\/uber-uns\/partner\/","og_site_name":"\u00c9lecteurs en Herbe","og_image":[{"url":"https:\/\/www.electeursenherbe.fr\/wp-content\/uploads\/2019\/01\/2018_MENJ_logo_vertic_vect.jpg","type":"","width":"","height":""}],"twitter_card":"summary_large_image","twitter_misc":{"Gesch\u00e4tzte Lesezeit":"1\u00a0Minute"},"schema":{"@context":"https:\/\/schema.org","@graph":[{"@type":"WebPage","@id":"https:\/\/www.electeursenherbe.fr\/de\/uber-uns\/partner\/","url":"https:\/\/www.electeursenherbe.fr\/de\/uber-uns\/partner\/","name":"Partner - \u00c9lecteurs en Herbe","isPartOf":{"@id":"https:\/\/www.electeursenherbe.fr\/#website"},"datePublished":"2019-06-24T13:18:30+00:00","breadcrumb":{"@id":"https:\/\/www.electeursenherbe.fr\/de\/uber-uns\/partner\/#breadcrumb"},"inLanguage":"de","potentialAction":[{"@type":"ReadAction","target":["https:\/\/www.electeursenherbe.fr\/de\/uber-uns\/partner\/"]}]},{"@type":"BreadcrumbList","@id":"https:\/\/www.electeursenherbe.fr\/de\/uber-uns\/partner\/#breadcrumb","itemListElement":[{"@type":"ListItem","position":1,"name":"Home","item":"https:\/\/www.electeursenherbe.fr\/de\/"},{"@type":"ListItem","position":2,"name":"\u00dcber uns","item":"https:\/\/www.electeursenherbe.fr\/de\/uber-uns\/"},{"@type":"ListItem","position":3,"name":"Partner"}]},{"@type":"WebSite","@id":"https:\/\/www.electeursenherbe.fr\/#website","url":"https:\/\/www.electeursenherbe.fr\/","name":"\u00c9lecteurs en Herbe","description":"D\u00e9coder, d\u00e9battre, s&#039;engager. Parcours et ressources p\u00e9dagogiques pour l&#039;\u00e9ducation \u00e0 la participation citoyenne des 11-18 ans. Apartisan, gratuit et libre.","potentialAction":[{"@type":"SearchAction","target":{"@type":"EntryPoint","urlTemplate":"https:\/\/www.electeursenherbe.fr\/?s={search_term_string}"},"query-input":{"@type":"PropertyValueSpecification","valueRequired":true,"valueName":"search_term_string"}}],"inLanguage":"de"}]}},"_links":{"self":[{"href":"https:\/\/www.electeursenherbe.fr\/de\/wp-json\/wp\/v2\/pages\/2195","targetHints":{"allow":["GET"]}}],"collection":[{"href":"https:\/\/www.electeursenherbe.fr\/de\/wp-json\/wp\/v2\/pages"}],"about":[{"href":"https:\/\/www.electeursenherbe.fr\/de\/wp-json\/wp\/v2\/types\/page"}],"author":[{"embeddable":true,"href":"https:\/\/www.electeursenherbe.fr\/de\/wp-json\/wp\/v2\/users\/1"}],"replies":[{"embeddable":true,"href":"https:\/\/www.electeursenherbe.fr\/de\/wp-json\/wp\/v2\/comments?post=2195"}],"version-history":[{"count":0,"href":"https:\/\/www.electeursenherbe.fr\/de\/wp-json\/wp\/v2\/pages\/2195\/revisions"}],"up":[{"embeddable":true,"href":"https:\/\/www.electeursenherbe.fr\/de\/wp-json\/wp\/v2\/pages\/2194"}],"wp:attachment":[{"href":"https:\/\/www.electeursenherbe.fr\/de\/wp-json\/wp\/v2\/media?parent=2195"}],"wp:term":[{"taxonomy":"lessonseries","embeddable":true,"href":"https:\/\/www.electeursenherbe.fr\/de\/wp-json\/wp\/v2\/lessonseries?post=2195"}],"curies":[{"name":"wp","href":"https:\/\/api.w.org\/{rel}","templated":true}]}}