{"id":2263,"date":"2019-06-24T15:21:44","date_gmt":"2019-06-24T13:21:44","guid":{"rendered":"https:\/\/www.electeursenherbe.fr\/e-book-generator\/"},"modified":"2019-06-24T15:21:44","modified_gmt":"2019-06-24T13:21:44","slug":"e-book-generator","status":"publish","type":"page","link":"https:\/\/www.electeursenherbe.fr\/de\/e-book-generator\/","title":{"rendered":"E-Book-Generator"},"content":{"rendered":"<p><strong>Un g\u00e9n\u00e9rateur d\u2019E-book est mis \u00e0 votre disposition pour cr\u00e9er votre parcours p\u00e9dagogique sur mesure !<\/strong><\/p>\n<p>Le principe : \u00e0 partir d\u2019un espace centralisant l\u2019ensemble du mat\u00e9riel p\u00e9dagogique, vous pouvez cr\u00e9er votre propre guide (en pdf) en s\u00e9lectionnant les fiches d\u2019\u00c9lecteurs en herbe qui vous int\u00e9ressent.<\/p>\n    <h2 style=\"text-align:center;\">You must be logged in to use the e-book generator.<\/h2>\n    <div class=\"cta-panel \">\n    <h2 class=\"cta-panel__title\">\n        Create your account in just 20 seconds!\n    <\/h2>\n    <p class=\"cta-panel__text\">\n        Create your EEH account to get access to our e-book generator and many other advantages...\n    <\/p>\n    <div class=\"cta-panel__buttons\">\n                    <a href=\"https:\/\/www.electeursenherbe.fr\/inscription\/\" class=\"btn btn--hollow btn--small cta-panel__button\">Create your account ><\/a>\n            <\/div>\n<\/div>    <div style=\"text-align: center;\">\n        <p>Already have an EEH account?<\/p>\n        <a class=\"btn\" href=\"https:\/\/www.electeursenherbe.fr\/connexion\/\">Log in ><\/a>\n    <\/div>\n\n\n<script>\n    window.translations = {\n        availablePages: 'Available Pages',\n        webBibliosTitle: 'Web biblios',\n        whatPageAreYouLookingFor: 'What page are you looking for?',\n        apiError: 'An error has occured. Please try again.',\n        addPagesTitle: 'Add pages to your e-book',\n        addPagesDescription: 'Drag and drop the pages into the order you want.',\n        addCoverInfoTitle: 'Fill out the cover information',\n        downloadEbook: 'Download your booklet',\n        titlePlaceholder: 'Title of your booklet *',\n        descriptionPlaceholder: 'Description',\n        namePlaceholder: 'First name and last name',\n        addSomePagesText: 'Start by adding some pages to your book, using the menu.',\n        noPagesAreSelected: 'Please select some pages for your book',\n        noTitle: 'Please enter a title for your ebook',\n        formHasValidationErrors: 'Please complete the required parts of the form above.',\n    }\n<\/script>\n<p>&nbsp;<\/p>\n<p style=\"text-align: center;\">\n","protected":false},"excerpt":{"rendered":"<p>Un g\u00e9n\u00e9rateur d\u2019E-book est mis \u00e0 votre disposition pour cr\u00e9er votre parcours p\u00e9dagogique sur mesure ! Le principe : \u00e0 partir d\u2019un espace centralisant l\u2019ensemble du mat\u00e9riel p\u00e9dagogique, vous pouvez cr\u00e9er votre propre guide (en pdf) en s\u00e9lectionnant les fiches d\u2019\u00c9lecteurs en herbe qui vous int\u00e9ressent. &nbsp;<\/p>\n","protected":false},"author":1,"featured_media":0,"parent":0,"menu_order":0,"comment_status":"closed","ping_status":"closed","template":"template-full-width.php","meta":{"footnotes":""},"lessonseries":[],"class_list":["post-2263","page","type-page","status-publish","hentry"],"yoast_head":"<!-- This site is optimized with the Yoast SEO plugin v27.3 - https:\/\/yoast.com\/product\/yoast-seo-wordpress\/ -->\n<title>E-Book-Generator - \u00c9lecteurs en Herbe<\/title>\n<meta name=\"robots\" content=\"index, follow, max-snippet:-1, max-image-preview:large, max-video-preview:-1\" \/>\n<link rel=\"canonical\" href=\"https:\/\/www.electeursenherbe.fr\/de\/e-book-generator\/\" \/>\n<meta property=\"og:locale\" content=\"de_DE\" \/>\n<meta property=\"og:type\" content=\"article\" \/>\n<meta property=\"og:title\" content=\"E-Book-Generator - \u00c9lecteurs en Herbe\" \/>\n<meta property=\"og:description\" content=\"Un g\u00e9n\u00e9rateur d\u2019E-book est mis \u00e0 votre disposition pour cr\u00e9er votre parcours p\u00e9dagogique sur mesure ! Le principe : \u00e0 partir d\u2019un espace centralisant l\u2019ensemble du mat\u00e9riel p\u00e9dagogique, vous pouvez cr\u00e9er votre propre guide (en pdf) en s\u00e9lectionnant les fiches d\u2019\u00c9lecteurs en herbe qui vous int\u00e9ressent. &nbsp;\" \/>\n<meta property=\"og:url\" content=\"https:\/\/www.electeursenherbe.fr\/de\/e-book-generator\/\" \/>\n<meta property=\"og:site_name\" content=\"\u00c9lecteurs en Herbe\" \/>\n<meta name=\"twitter:card\" content=\"summary_large_image\" \/>\n<script type=\"application\/ld+json\" class=\"yoast-schema-graph\">{\"@context\":\"https:\\\/\\\/schema.org\",\"@graph\":[{\"@type\":\"WebPage\",\"@id\":\"https:\\\/\\\/www.electeursenherbe.fr\\\/de\\\/e-book-generator\\\/\",\"url\":\"https:\\\/\\\/www.electeursenherbe.fr\\\/de\\\/e-book-generator\\\/\",\"name\":\"E-Book-Generator - \u00c9lecteurs en Herbe\",\"isPartOf\":{\"@id\":\"https:\\\/\\\/www.electeursenherbe.fr\\\/#website\"},\"datePublished\":\"2019-06-24T13:21:44+00:00\",\"breadcrumb\":{\"@id\":\"https:\\\/\\\/www.electeursenherbe.fr\\\/de\\\/e-book-generator\\\/#breadcrumb\"},\"inLanguage\":\"de\",\"potentialAction\":[{\"@type\":\"ReadAction\",\"target\":[\"https:\\\/\\\/www.electeursenherbe.fr\\\/de\\\/e-book-generator\\\/\"]}]},{\"@type\":\"BreadcrumbList\",\"@id\":\"https:\\\/\\\/www.electeursenherbe.fr\\\/de\\\/e-book-generator\\\/#breadcrumb\",\"itemListElement\":[{\"@type\":\"ListItem\",\"position\":1,\"name\":\"Home\",\"item\":\"https:\\\/\\\/www.electeursenherbe.fr\\\/de\\\/\"},{\"@type\":\"ListItem\",\"position\":2,\"name\":\"E-Book-Generator\"}]},{\"@type\":\"WebSite\",\"@id\":\"https:\\\/\\\/www.electeursenherbe.fr\\\/#website\",\"url\":\"https:\\\/\\\/www.electeursenherbe.fr\\\/\",\"name\":\"\u00c9lecteurs en Herbe\",\"description\":\"D\u00e9coder, d\u00e9battre, s&#039;engager. Parcours et ressources p\u00e9dagogiques pour l&#039;\u00e9ducation \u00e0 la participation citoyenne des 11-18 ans. Apartisan, gratuit et libre.\",\"potentialAction\":[{\"@type\":\"SearchAction\",\"target\":{\"@type\":\"EntryPoint\",\"urlTemplate\":\"https:\\\/\\\/www.electeursenherbe.fr\\\/?s={search_term_string}\"},\"query-input\":{\"@type\":\"PropertyValueSpecification\",\"valueRequired\":true,\"valueName\":\"search_term_string\"}}],\"inLanguage\":\"de\"}]}<\/script>\n<!-- \/ Yoast SEO plugin. -->","yoast_head_json":{"title":"E-Book-Generator - \u00c9lecteurs en Herbe","robots":{"index":"index","follow":"follow","max-snippet":"max-snippet:-1","max-image-preview":"max-image-preview:large","max-video-preview":"max-video-preview:-1"},"canonical":"https:\/\/www.electeursenherbe.fr\/de\/e-book-generator\/","og_locale":"de_DE","og_type":"article","og_title":"E-Book-Generator - \u00c9lecteurs en Herbe","og_description":"Un g\u00e9n\u00e9rateur d\u2019E-book est mis \u00e0 votre disposition pour cr\u00e9er votre parcours p\u00e9dagogique sur mesure ! Le principe : \u00e0 partir d\u2019un espace centralisant l\u2019ensemble du mat\u00e9riel p\u00e9dagogique, vous pouvez cr\u00e9er votre propre guide (en pdf) en s\u00e9lectionnant les fiches d\u2019\u00c9lecteurs en herbe qui vous int\u00e9ressent. &nbsp;","og_url":"https:\/\/www.electeursenherbe.fr\/de\/e-book-generator\/","og_site_name":"\u00c9lecteurs en Herbe","twitter_card":"summary_large_image","schema":{"@context":"https:\/\/schema.org","@graph":[{"@type":"WebPage","@id":"https:\/\/www.electeursenherbe.fr\/de\/e-book-generator\/","url":"https:\/\/www.electeursenherbe.fr\/de\/e-book-generator\/","name":"E-Book-Generator - \u00c9lecteurs en Herbe","isPartOf":{"@id":"https:\/\/www.electeursenherbe.fr\/#website"},"datePublished":"2019-06-24T13:21:44+00:00","breadcrumb":{"@id":"https:\/\/www.electeursenherbe.fr\/de\/e-book-generator\/#breadcrumb"},"inLanguage":"de","potentialAction":[{"@type":"ReadAction","target":["https:\/\/www.electeursenherbe.fr\/de\/e-book-generator\/"]}]},{"@type":"BreadcrumbList","@id":"https:\/\/www.electeursenherbe.fr\/de\/e-book-generator\/#breadcrumb","itemListElement":[{"@type":"ListItem","position":1,"name":"Home","item":"https:\/\/www.electeursenherbe.fr\/de\/"},{"@type":"ListItem","position":2,"name":"E-Book-Generator"}]},{"@type":"WebSite","@id":"https:\/\/www.electeursenherbe.fr\/#website","url":"https:\/\/www.electeursenherbe.fr\/","name":"\u00c9lecteurs en Herbe","description":"D\u00e9coder, d\u00e9battre, s&#039;engager. Parcours et ressources p\u00e9dagogiques pour l&#039;\u00e9ducation \u00e0 la participation citoyenne des 11-18 ans. Apartisan, gratuit et libre.","potentialAction":[{"@type":"SearchAction","target":{"@type":"EntryPoint","urlTemplate":"https:\/\/www.electeursenherbe.fr\/?s={search_term_string}"},"query-input":{"@type":"PropertyValueSpecification","valueRequired":true,"valueName":"search_term_string"}}],"inLanguage":"de"}]}},"_links":{"self":[{"href":"https:\/\/www.electeursenherbe.fr\/de\/wp-json\/wp\/v2\/pages\/2263","targetHints":{"allow":["GET"]}}],"collection":[{"href":"https:\/\/www.electeursenherbe.fr\/de\/wp-json\/wp\/v2\/pages"}],"about":[{"href":"https:\/\/www.electeursenherbe.fr\/de\/wp-json\/wp\/v2\/types\/page"}],"author":[{"embeddable":true,"href":"https:\/\/www.electeursenherbe.fr\/de\/wp-json\/wp\/v2\/users\/1"}],"replies":[{"embeddable":true,"href":"https:\/\/www.electeursenherbe.fr\/de\/wp-json\/wp\/v2\/comments?post=2263"}],"version-history":[{"count":0,"href":"https:\/\/www.electeursenherbe.fr\/de\/wp-json\/wp\/v2\/pages\/2263\/revisions"}],"wp:attachment":[{"href":"https:\/\/www.electeursenherbe.fr\/de\/wp-json\/wp\/v2\/media?parent=2263"}],"wp:term":[{"taxonomy":"lessonseries","embeddable":true,"href":"https:\/\/www.electeursenherbe.fr\/de\/wp-json\/wp\/v2\/lessonseries?post=2263"}],"curies":[{"name":"wp","href":"https:\/\/api.w.org\/{rel}","templated":true}]}}