{"id":2265,"date":"2019-06-24T15:24:40","date_gmt":"2019-06-24T13:24:40","guid":{"rendered":"https:\/\/www.electeursenherbe.fr\/padagogischen-lernpfades\/"},"modified":"2019-09-20T10:39:26","modified_gmt":"2019-09-20T08:39:26","slug":"padagogischen-lernpfades","status":"publish","type":"page","link":"https:\/\/www.electeursenherbe.fr\/de\/padagogischen-lernpfades\/","title":{"rendered":"P\u00e4dagogischen Lernpfades"},"content":{"rendered":"","protected":false},"excerpt":{"rendered":"","protected":false},"author":1,"featured_media":0,"parent":0,"menu_order":0,"comment_status":"closed","ping_status":"closed","template":"template-full-width.php","meta":{"footnotes":""},"lessonseries":[],"class_list":["post-2265","page","type-page","status-publish","hentry"],"yoast_head":"<!-- This site is optimized with the Yoast SEO plugin v27.2 - https:\/\/yoast.com\/product\/yoast-seo-wordpress\/ -->\n<title>P\u00e4dagogischen Lernpfades - \u00c9lecteurs en Herbe<\/title>\n<meta name=\"robots\" content=\"index, follow, max-snippet:-1, max-image-preview:large, max-video-preview:-1\" \/>\n<link rel=\"canonical\" href=\"https:\/\/www.electeursenherbe.fr\/de\/padagogischen-lernpfades\/\" \/>\n<meta property=\"og:locale\" content=\"de_DE\" \/>\n<meta property=\"og:type\" content=\"article\" \/>\n<meta property=\"og:title\" content=\"P\u00e4dagogischen Lernpfades - \u00c9lecteurs en Herbe\" \/>\n<meta property=\"og:url\" content=\"https:\/\/www.electeursenherbe.fr\/de\/padagogischen-lernpfades\/\" \/>\n<meta property=\"og:site_name\" content=\"\u00c9lecteurs en Herbe\" \/>\n<meta property=\"article:modified_time\" content=\"2019-09-20T08:39:26+00:00\" \/>\n<meta name=\"twitter:card\" content=\"summary_large_image\" \/>\n<script type=\"application\/ld+json\" class=\"yoast-schema-graph\">{\"@context\":\"https:\/\/schema.org\",\"@graph\":[{\"@type\":\"WebPage\",\"@id\":\"https:\/\/www.electeursenherbe.fr\/de\/padagogischen-lernpfades\/\",\"url\":\"https:\/\/www.electeursenherbe.fr\/de\/padagogischen-lernpfades\/\",\"name\":\"P\u00e4dagogischen Lernpfades - \u00c9lecteurs en Herbe\",\"isPartOf\":{\"@id\":\"https:\/\/www.electeursenherbe.fr\/#website\"},\"datePublished\":\"2019-06-24T13:24:40+00:00\",\"dateModified\":\"2019-09-20T08:39:26+00:00\",\"breadcrumb\":{\"@id\":\"https:\/\/www.electeursenherbe.fr\/de\/padagogischen-lernpfades\/#breadcrumb\"},\"inLanguage\":\"de\",\"potentialAction\":[{\"@type\":\"ReadAction\",\"target\":[\"https:\/\/www.electeursenherbe.fr\/de\/padagogischen-lernpfades\/\"]}]},{\"@type\":\"BreadcrumbList\",\"@id\":\"https:\/\/www.electeursenherbe.fr\/de\/padagogischen-lernpfades\/#breadcrumb\",\"itemListElement\":[{\"@type\":\"ListItem\",\"position\":1,\"name\":\"Home\",\"item\":\"https:\/\/www.electeursenherbe.fr\/de\/\"},{\"@type\":\"ListItem\",\"position\":2,\"name\":\"P\u00e4dagogischen Lernpfades\"}]},{\"@type\":\"WebSite\",\"@id\":\"https:\/\/www.electeursenherbe.fr\/#website\",\"url\":\"https:\/\/www.electeursenherbe.fr\/\",\"name\":\"\u00c9lecteurs en Herbe\",\"description\":\"D\u00e9coder, d\u00e9battre, s&#039;engager. Parcours et ressources p\u00e9dagogiques pour l&#039;\u00e9ducation \u00e0 la participation citoyenne des 11-18 ans. Apartisan, gratuit et libre.\",\"potentialAction\":[{\"@type\":\"SearchAction\",\"target\":{\"@type\":\"EntryPoint\",\"urlTemplate\":\"https:\/\/www.electeursenherbe.fr\/?s={search_term_string}\"},\"query-input\":{\"@type\":\"PropertyValueSpecification\",\"valueRequired\":true,\"valueName\":\"search_term_string\"}}],\"inLanguage\":\"de\"}]}<\/script>\n<!-- \/ Yoast SEO plugin. -->","yoast_head_json":{"title":"P\u00e4dagogischen Lernpfades - \u00c9lecteurs en Herbe","robots":{"index":"index","follow":"follow","max-snippet":"max-snippet:-1","max-image-preview":"max-image-preview:large","max-video-preview":"max-video-preview:-1"},"canonical":"https:\/\/www.electeursenherbe.fr\/de\/padagogischen-lernpfades\/","og_locale":"de_DE","og_type":"article","og_title":"P\u00e4dagogischen Lernpfades - \u00c9lecteurs en Herbe","og_url":"https:\/\/www.electeursenherbe.fr\/de\/padagogischen-lernpfades\/","og_site_name":"\u00c9lecteurs en Herbe","article_modified_time":"2019-09-20T08:39:26+00:00","twitter_card":"summary_large_image","schema":{"@context":"https:\/\/schema.org","@graph":[{"@type":"WebPage","@id":"https:\/\/www.electeursenherbe.fr\/de\/padagogischen-lernpfades\/","url":"https:\/\/www.electeursenherbe.fr\/de\/padagogischen-lernpfades\/","name":"P\u00e4dagogischen Lernpfades - \u00c9lecteurs en Herbe","isPartOf":{"@id":"https:\/\/www.electeursenherbe.fr\/#website"},"datePublished":"2019-06-24T13:24:40+00:00","dateModified":"2019-09-20T08:39:26+00:00","breadcrumb":{"@id":"https:\/\/www.electeursenherbe.fr\/de\/padagogischen-lernpfades\/#breadcrumb"},"inLanguage":"de","potentialAction":[{"@type":"ReadAction","target":["https:\/\/www.electeursenherbe.fr\/de\/padagogischen-lernpfades\/"]}]},{"@type":"BreadcrumbList","@id":"https:\/\/www.electeursenherbe.fr\/de\/padagogischen-lernpfades\/#breadcrumb","itemListElement":[{"@type":"ListItem","position":1,"name":"Home","item":"https:\/\/www.electeursenherbe.fr\/de\/"},{"@type":"ListItem","position":2,"name":"P\u00e4dagogischen Lernpfades"}]},{"@type":"WebSite","@id":"https:\/\/www.electeursenherbe.fr\/#website","url":"https:\/\/www.electeursenherbe.fr\/","name":"\u00c9lecteurs en Herbe","description":"D\u00e9coder, d\u00e9battre, s&#039;engager. Parcours et ressources p\u00e9dagogiques pour l&#039;\u00e9ducation \u00e0 la participation citoyenne des 11-18 ans. Apartisan, gratuit et libre.","potentialAction":[{"@type":"SearchAction","target":{"@type":"EntryPoint","urlTemplate":"https:\/\/www.electeursenherbe.fr\/?s={search_term_string}"},"query-input":{"@type":"PropertyValueSpecification","valueRequired":true,"valueName":"search_term_string"}}],"inLanguage":"de"}]}},"_links":{"self":[{"href":"https:\/\/www.electeursenherbe.fr\/de\/wp-json\/wp\/v2\/pages\/2265","targetHints":{"allow":["GET"]}}],"collection":[{"href":"https:\/\/www.electeursenherbe.fr\/de\/wp-json\/wp\/v2\/pages"}],"about":[{"href":"https:\/\/www.electeursenherbe.fr\/de\/wp-json\/wp\/v2\/types\/page"}],"author":[{"embeddable":true,"href":"https:\/\/www.electeursenherbe.fr\/de\/wp-json\/wp\/v2\/users\/1"}],"replies":[{"embeddable":true,"href":"https:\/\/www.electeursenherbe.fr\/de\/wp-json\/wp\/v2\/comments?post=2265"}],"version-history":[{"count":1,"href":"https:\/\/www.electeursenherbe.fr\/de\/wp-json\/wp\/v2\/pages\/2265\/revisions"}],"predecessor-version":[{"id":2270,"href":"https:\/\/www.electeursenherbe.fr\/de\/wp-json\/wp\/v2\/pages\/2265\/revisions\/2270"}],"wp:attachment":[{"href":"https:\/\/www.electeursenherbe.fr\/de\/wp-json\/wp\/v2\/media?parent=2265"}],"wp:term":[{"taxonomy":"lessonseries","embeddable":true,"href":"https:\/\/www.electeursenherbe.fr\/de\/wp-json\/wp\/v2\/lessonseries?post=2265"}],"curies":[{"name":"wp","href":"https:\/\/api.w.org\/{rel}","templated":true}]}}