{"id":1430,"date":"2018-09-28T16:40:17","date_gmt":"2018-09-28T14:40:17","guid":{"rendered":"https:\/\/www.electeursenherbe.fr\/about-this-lesson-series\/"},"modified":"2019-10-04T13:50:25","modified_gmt":"2019-10-04T11:50:25","slug":"about-european-elections-2019-lesson-series","status":"publish","type":"page","link":"https:\/\/www.electeursenherbe.fr\/en\/about-european-elections-2019-lesson-series\/","title":{"rendered":"About European Elections 2019 lesson series"},"content":{"rendered":"<p><strong>&#8220;European Elections 2019&#8221; lesson series<\/strong> is broken down into <strong>5 steps<\/strong>. Each step is made up of:<\/p>\n<ul>\n<li>a choice from 5 to 10 <strong>teaching activities<\/strong><\/li>\n<li>a <strong>Web bibliography<\/strong>, containing different ideas and terms from the step.<\/li>\n<\/ul>\n<p><img loading=\"lazy\" decoding=\"async\" class=\"aligncenter wp-image-3232 size-full\" src=\"https:\/\/www.electeursenherbe.fr\/wp-content\/uploads\/2019\/10\/Vignettes-5-etapes-english.jpg\" alt=\"\" width=\"543\" height=\"187\" srcset=\"https:\/\/www.electeursenherbe.fr\/wp-content\/uploads\/2019\/10\/Vignettes-5-etapes-english.jpg 543w, https:\/\/www.electeursenherbe.fr\/wp-content\/uploads\/2019\/10\/Vignettes-5-etapes-english-300x103.jpg 300w, https:\/\/www.electeursenherbe.fr\/wp-content\/uploads\/2019\/10\/Vignettes-5-etapes-english-400x138.jpg 400w\" sizes=\"auto, (max-width: 543px) 100vw, 543px\" \/><\/p>\n<h2>________________________________________________<\/h2>\n<h2>Ready to use and adaptable for your needs<\/h2>\n<p>The different learning activities that you will find within this lesson series are varied in style and in level. Some examples of what participants will be involved in include: getting into the shoes of a real voter, making their own opinion poll, trying out different voting systems, tracking information online as a digital Sherlock Holmes, taking part in the debate about EU Enlargement, expressing their opinions about Europe using photos.<\/p>\n<p>You are free to use the lessons that will best suit the size of your group, the time you have available, your goals and what you want to focus on. An <a href=\"https:\/\/www.electeursenherbe.fr\/generateur-de-book\/\" target=\"_blank\" rel=\"noopener noreferrer\">e-book generator<\/a> (currently in French only) is available to help you mix and match lessons. In the same way, all the guides and timings provided for lessons are indicative only \u2013 you are entirely free to mix and match and change the lesson to suite your group.<\/p>\n<p><strong>PLEASE NOTE: <\/strong>The simulated elections, organised in step 4, lesson 4, must be planned in advance. Partly because preparing for it requires some logistical planning, but also because you need to ensure that the date chosen is the correct one, as this will affect the rest of your lessons.<\/p>\n<h2>________________________________________________<\/h2>\n<h2>Working collaboratively<\/h2>\n<h3>Online<\/h3>\n<p>This website is a <strong>resource<\/strong> space for experimenting, but also a <strong>work space<\/strong> for the teaching community which will grow around this project. Teachers and staff are welcome to:<\/p>\n<ul>\n<li>Share their experience of the lesson plans provided<\/li>\n<li>Propose new ones<\/li>\n<\/ul>\n<h3>On the ground<\/h3>\n<p>This project hopes, right from the start, to combine the different expertise of teaching staff from a school environment and also the non-profit sector. Although not obliged, we recommend that schools and local organisations collaborate in implementing this lesson series and the activities within.<\/p>\n","protected":false},"excerpt":{"rendered":"<p>&#8220;European Elections 2019&#8221; lesson series is broken down into 5 steps. Each step is made up of: a choice from 5 to 10 teaching activities a Web bibliography, containing different ideas and terms from the step. ________________________________________________ Ready to use and adaptable for your needs The different learning activities that you will find within this [&hellip;]<\/p>\n","protected":false},"author":1,"featured_media":0,"parent":0,"menu_order":0,"comment_status":"closed","ping_status":"closed","template":"","meta":{"footnotes":""},"lessonseries":[45],"class_list":["post-1430","page","type-page","status-publish","hentry","lessonseries-2019-european-elections-series"],"yoast_head":"<!-- This site is optimized with the Yoast SEO plugin v27.3 - https:\/\/yoast.com\/product\/yoast-seo-wordpress\/ -->\n<title>About European Elections 2019 lesson series - \u00c9lecteurs en Herbe<\/title>\n<meta name=\"robots\" content=\"index, follow, max-snippet:-1, max-image-preview:large, max-video-preview:-1\" \/>\n<link rel=\"canonical\" href=\"https:\/\/www.electeursenherbe.fr\/en\/about-european-elections-2019-lesson-series\/\" \/>\n<meta property=\"og:locale\" content=\"en_US\" \/>\n<meta property=\"og:type\" content=\"article\" \/>\n<meta property=\"og:title\" content=\"About European Elections 2019 lesson series - \u00c9lecteurs en Herbe\" \/>\n<meta property=\"og:description\" content=\"&#8220;European Elections 2019&#8221; lesson series is broken down into 5 steps. Each step is made up of: a choice from 5 to 10 teaching activities a Web bibliography, containing different ideas and terms from the step. ________________________________________________ Ready to use and adaptable for your needs The different learning activities that you will find within this [&hellip;]\" \/>\n<meta property=\"og:url\" content=\"https:\/\/www.electeursenherbe.fr\/en\/about-european-elections-2019-lesson-series\/\" \/>\n<meta property=\"og:site_name\" content=\"\u00c9lecteurs en Herbe\" \/>\n<meta property=\"article:modified_time\" content=\"2019-10-04T11:50:25+00:00\" \/>\n<meta property=\"og:image\" content=\"https:\/\/www.electeursenherbe.fr\/wp-content\/uploads\/2019\/10\/Vignettes-5-etapes-english.jpg\" \/>\n<meta name=\"twitter:card\" content=\"summary_large_image\" \/>\n<meta name=\"twitter:label1\" content=\"Est. reading time\" \/>\n\t<meta name=\"twitter:data1\" content=\"2 minutes\" \/>\n<script type=\"application\/ld+json\" class=\"yoast-schema-graph\">{\"@context\":\"https:\\\/\\\/schema.org\",\"@graph\":[{\"@type\":\"WebPage\",\"@id\":\"https:\\\/\\\/www.electeursenherbe.fr\\\/en\\\/about-european-elections-2019-lesson-series\\\/\",\"url\":\"https:\\\/\\\/www.electeursenherbe.fr\\\/en\\\/about-european-elections-2019-lesson-series\\\/\",\"name\":\"About European Elections 2019 lesson series - \u00c9lecteurs en Herbe\",\"isPartOf\":{\"@id\":\"https:\\\/\\\/www.electeursenherbe.fr\\\/#website\"},\"primaryImageOfPage\":{\"@id\":\"https:\\\/\\\/www.electeursenherbe.fr\\\/en\\\/about-european-elections-2019-lesson-series\\\/#primaryimage\"},\"image\":{\"@id\":\"https:\\\/\\\/www.electeursenherbe.fr\\\/en\\\/about-european-elections-2019-lesson-series\\\/#primaryimage\"},\"thumbnailUrl\":\"https:\\\/\\\/www.electeursenherbe.fr\\\/wp-content\\\/uploads\\\/2019\\\/10\\\/Vignettes-5-etapes-english.jpg\",\"datePublished\":\"2018-09-28T14:40:17+00:00\",\"dateModified\":\"2019-10-04T11:50:25+00:00\",\"breadcrumb\":{\"@id\":\"https:\\\/\\\/www.electeursenherbe.fr\\\/en\\\/about-european-elections-2019-lesson-series\\\/#breadcrumb\"},\"inLanguage\":\"en-US\",\"potentialAction\":[{\"@type\":\"ReadAction\",\"target\":[\"https:\\\/\\\/www.electeursenherbe.fr\\\/en\\\/about-european-elections-2019-lesson-series\\\/\"]}]},{\"@type\":\"ImageObject\",\"inLanguage\":\"en-US\",\"@id\":\"https:\\\/\\\/www.electeursenherbe.fr\\\/en\\\/about-european-elections-2019-lesson-series\\\/#primaryimage\",\"url\":\"https:\\\/\\\/www.electeursenherbe.fr\\\/wp-content\\\/uploads\\\/2019\\\/10\\\/Vignettes-5-etapes-english.jpg\",\"contentUrl\":\"https:\\\/\\\/www.electeursenherbe.fr\\\/wp-content\\\/uploads\\\/2019\\\/10\\\/Vignettes-5-etapes-english.jpg\"},{\"@type\":\"BreadcrumbList\",\"@id\":\"https:\\\/\\\/www.electeursenherbe.fr\\\/en\\\/about-european-elections-2019-lesson-series\\\/#breadcrumb\",\"itemListElement\":[{\"@type\":\"ListItem\",\"position\":1,\"name\":\"Home\",\"item\":\"https:\\\/\\\/www.electeursenherbe.fr\\\/en\\\/\"},{\"@type\":\"ListItem\",\"position\":2,\"name\":\"About European Elections 2019 lesson series\"}]},{\"@type\":\"WebSite\",\"@id\":\"https:\\\/\\\/www.electeursenherbe.fr\\\/#website\",\"url\":\"https:\\\/\\\/www.electeursenherbe.fr\\\/\",\"name\":\"\u00c9lecteurs en Herbe\",\"description\":\"Parcours p\u00e9dagogiques d\u00e9mocratiques\",\"potentialAction\":[{\"@type\":\"SearchAction\",\"target\":{\"@type\":\"EntryPoint\",\"urlTemplate\":\"https:\\\/\\\/www.electeursenherbe.fr\\\/?s={search_term_string}\"},\"query-input\":{\"@type\":\"PropertyValueSpecification\",\"valueRequired\":true,\"valueName\":\"search_term_string\"}}],\"inLanguage\":\"en-US\"}]}<\/script>\n<!-- \/ Yoast SEO plugin. -->","yoast_head_json":{"title":"About European Elections 2019 lesson series - \u00c9lecteurs en Herbe","robots":{"index":"index","follow":"follow","max-snippet":"max-snippet:-1","max-image-preview":"max-image-preview:large","max-video-preview":"max-video-preview:-1"},"canonical":"https:\/\/www.electeursenherbe.fr\/en\/about-european-elections-2019-lesson-series\/","og_locale":"en_US","og_type":"article","og_title":"About European Elections 2019 lesson series - \u00c9lecteurs en Herbe","og_description":"&#8220;European Elections 2019&#8221; lesson series is broken down into 5 steps. Each step is made up of: a choice from 5 to 10 teaching activities a Web bibliography, containing different ideas and terms from the step. ________________________________________________ Ready to use and adaptable for your needs The different learning activities that you will find within this [&hellip;]","og_url":"https:\/\/www.electeursenherbe.fr\/en\/about-european-elections-2019-lesson-series\/","og_site_name":"\u00c9lecteurs en Herbe","article_modified_time":"2019-10-04T11:50:25+00:00","og_image":[{"url":"https:\/\/www.electeursenherbe.fr\/wp-content\/uploads\/2019\/10\/Vignettes-5-etapes-english.jpg","type":"","width":"","height":""}],"twitter_card":"summary_large_image","twitter_misc":{"Est. reading time":"2 minutes"},"schema":{"@context":"https:\/\/schema.org","@graph":[{"@type":"WebPage","@id":"https:\/\/www.electeursenherbe.fr\/en\/about-european-elections-2019-lesson-series\/","url":"https:\/\/www.electeursenherbe.fr\/en\/about-european-elections-2019-lesson-series\/","name":"About European Elections 2019 lesson series - \u00c9lecteurs en Herbe","isPartOf":{"@id":"https:\/\/www.electeursenherbe.fr\/#website"},"primaryImageOfPage":{"@id":"https:\/\/www.electeursenherbe.fr\/en\/about-european-elections-2019-lesson-series\/#primaryimage"},"image":{"@id":"https:\/\/www.electeursenherbe.fr\/en\/about-european-elections-2019-lesson-series\/#primaryimage"},"thumbnailUrl":"https:\/\/www.electeursenherbe.fr\/wp-content\/uploads\/2019\/10\/Vignettes-5-etapes-english.jpg","datePublished":"2018-09-28T14:40:17+00:00","dateModified":"2019-10-04T11:50:25+00:00","breadcrumb":{"@id":"https:\/\/www.electeursenherbe.fr\/en\/about-european-elections-2019-lesson-series\/#breadcrumb"},"inLanguage":"en-US","potentialAction":[{"@type":"ReadAction","target":["https:\/\/www.electeursenherbe.fr\/en\/about-european-elections-2019-lesson-series\/"]}]},{"@type":"ImageObject","inLanguage":"en-US","@id":"https:\/\/www.electeursenherbe.fr\/en\/about-european-elections-2019-lesson-series\/#primaryimage","url":"https:\/\/www.electeursenherbe.fr\/wp-content\/uploads\/2019\/10\/Vignettes-5-etapes-english.jpg","contentUrl":"https:\/\/www.electeursenherbe.fr\/wp-content\/uploads\/2019\/10\/Vignettes-5-etapes-english.jpg"},{"@type":"BreadcrumbList","@id":"https:\/\/www.electeursenherbe.fr\/en\/about-european-elections-2019-lesson-series\/#breadcrumb","itemListElement":[{"@type":"ListItem","position":1,"name":"Home","item":"https:\/\/www.electeursenherbe.fr\/en\/"},{"@type":"ListItem","position":2,"name":"About European Elections 2019 lesson series"}]},{"@type":"WebSite","@id":"https:\/\/www.electeursenherbe.fr\/#website","url":"https:\/\/www.electeursenherbe.fr\/","name":"\u00c9lecteurs en Herbe","description":"Parcours p\u00e9dagogiques d\u00e9mocratiques","potentialAction":[{"@type":"SearchAction","target":{"@type":"EntryPoint","urlTemplate":"https:\/\/www.electeursenherbe.fr\/?s={search_term_string}"},"query-input":{"@type":"PropertyValueSpecification","valueRequired":true,"valueName":"search_term_string"}}],"inLanguage":"en-US"}]}},"_links":{"self":[{"href":"https:\/\/www.electeursenherbe.fr\/en\/wp-json\/wp\/v2\/pages\/1430","targetHints":{"allow":["GET"]}}],"collection":[{"href":"https:\/\/www.electeursenherbe.fr\/en\/wp-json\/wp\/v2\/pages"}],"about":[{"href":"https:\/\/www.electeursenherbe.fr\/en\/wp-json\/wp\/v2\/types\/page"}],"author":[{"embeddable":true,"href":"https:\/\/www.electeursenherbe.fr\/en\/wp-json\/wp\/v2\/users\/1"}],"replies":[{"embeddable":true,"href":"https:\/\/www.electeursenherbe.fr\/en\/wp-json\/wp\/v2\/comments?post=1430"}],"version-history":[{"count":4,"href":"https:\/\/www.electeursenherbe.fr\/en\/wp-json\/wp\/v2\/pages\/1430\/revisions"}],"predecessor-version":[{"id":3235,"href":"https:\/\/www.electeursenherbe.fr\/en\/wp-json\/wp\/v2\/pages\/1430\/revisions\/3235"}],"wp:attachment":[{"href":"https:\/\/www.electeursenherbe.fr\/en\/wp-json\/wp\/v2\/media?parent=1430"}],"wp:term":[{"taxonomy":"lessonseries","embeddable":true,"href":"https:\/\/www.electeursenherbe.fr\/en\/wp-json\/wp\/v2\/lessonseries?post=1430"}],"curies":[{"name":"wp","href":"https:\/\/api.w.org\/{rel}","templated":true}]}}